{"id":599,"date":"2024-11-10T20:05:22","date_gmt":"2024-11-10T19:05:22","guid":{"rendered":"https:\/\/laiguillejoyeuse.fr\/?page_id=599"},"modified":"2025-03-21T11:52:32","modified_gmt":"2025-03-21T10:52:32","slug":"antre-de-laiguille","status":"publish","type":"page","link":"https:\/\/laiguillejoyeuse.fr\/","title":{"rendered":"Bienvenue dans l&#8217;antre de l&#8217;Aiguille !"},"content":{"rendered":"\t\t<div data-elementor-type=\"wp-page\" data-elementor-id=\"599\" class=\"elementor elementor-599\">\n\t\t\t\t<div class=\"elementor-element elementor-element-84f85fb e-flex e-con-boxed e-con e-parent\" data-id=\"84f85fb\" data-element_type=\"container\" data-e-type=\"container\">\n\t\t\t\t\t<div class=\"e-con-inner\">\n\t\t<div class=\"elementor-element elementor-element-6228f84 e-con-full e-flex e-con e-child\" data-id=\"6228f84\" data-element_type=\"container\" data-e-type=\"container\" data-settings=\"{&quot;background_background&quot;:&quot;classic&quot;}\">\n\t\t\t\t<div class=\"elementor-element elementor-element-8fb335b elementor-widget elementor-widget-image\" data-id=\"8fb335b\" data-element_type=\"widget\" data-e-type=\"widget\" data-widget_type=\"image.default\">\n\t\t\t\t<div class=\"elementor-widget-container\">\n\t\t\t\t\t\t\t\t\t\t\t\t\t\t\t<img fetchpriority=\"high\" decoding=\"async\" width=\"300\" height=\"300\" src=\"https:\/\/laiguillejoyeuse.fr\/wp-content\/uploads\/2025\/03\/Em_D-2024-12-03-5DMII-_MG_6216-Modifier-300x300.jpg\" class=\"attachment-medium size-medium wp-image-894\" alt=\"\" srcset=\"https:\/\/laiguillejoyeuse.fr\/wp-content\/uploads\/2025\/03\/Em_D-2024-12-03-5DMII-_MG_6216-Modifier-300x300.jpg 300w, https:\/\/laiguillejoyeuse.fr\/wp-content\/uploads\/2025\/03\/Em_D-2024-12-03-5DMII-_MG_6216-Modifier-1024x1024.jpg 1024w, https:\/\/laiguillejoyeuse.fr\/wp-content\/uploads\/2025\/03\/Em_D-2024-12-03-5DMII-_MG_6216-Modifier-150x150.jpg 150w, https:\/\/laiguillejoyeuse.fr\/wp-content\/uploads\/2025\/03\/Em_D-2024-12-03-5DMII-_MG_6216-Modifier-768x768.jpg 768w, https:\/\/laiguillejoyeuse.fr\/wp-content\/uploads\/2025\/03\/Em_D-2024-12-03-5DMII-_MG_6216-Modifier-600x600.jpg 600w, https:\/\/laiguillejoyeuse.fr\/wp-content\/uploads\/2025\/03\/Em_D-2024-12-03-5DMII-_MG_6216-Modifier.jpg 1200w\" sizes=\"(max-width: 300px) 100vw, 300px\" \/>\t\t\t\t\t\t\t\t\t\t\t\t\t\t\t<\/div>\n\t\t\t\t<\/div>\n\t\t<div class=\"elementor-element elementor-element-028d34f e-con-full e-flex e-con e-child\" data-id=\"028d34f\" data-element_type=\"container\" data-e-type=\"container\">\n\t\t\t\t<div class=\"elementor-element elementor-element-0e68f95 elementor-widget elementor-widget-heading\" data-id=\"0e68f95\" data-element_type=\"widget\" data-e-type=\"widget\" data-widget_type=\"heading.default\">\n\t\t\t\t<div class=\"elementor-widget-container\">\n\t\t\t\t\t<h2 class=\"elementor-heading-title elementor-size-default\">Derri\u00e8re l'Aiguille<\/h2>\t\t\t\t<\/div>\n\t\t\t\t<\/div>\n\t\t\t\t<div class=\"elementor-element elementor-element-5efd426 elementor-widget elementor-widget-text-editor\" data-id=\"5efd426\" data-element_type=\"widget\" data-e-type=\"widget\" data-widget_type=\"text-editor.default\">\n\t\t\t\t<div class=\"elementor-widget-container\">\n\t\t\t\t\t\t\t\t\t<p>Je connaissais l\u2019aiguille depuis l\u2019enfance. La joie de cr\u00e9er m\u2019a toujours \u00e9t\u00e9 famili\u00e8re, comme une bonne amie, fid\u00e8le et patiente. Apr\u00e8s moult errances acad\u00e9miques et professionnelles, je me suis enfin rendu compte qu\u2019elle \u00e9tait l\u00e0 pour moi et que je voulais faire ma vie avec l\u2019Aiguille. Joyeusement, nous avons appris \u00e0 nous connaitre en CAP puis nous avons mont\u00e9 notre atelier \u00e0 N\u00eemes.<\/p>\t\t\t\t\t\t\t\t<\/div>\n\t\t\t\t<\/div>\n\t\t\t\t<\/div>\n\t\t\t\t<\/div>\n\t\t<div class=\"elementor-element elementor-element-7cdf386 e-con-full e-flex e-con e-child\" data-id=\"7cdf386\" data-element_type=\"container\" data-e-type=\"container\">\n\t\t<a class=\"elementor-element elementor-element-e4cf4c3 e-con-full e-flex e-con e-child\" data-id=\"e4cf4c3\" data-element_type=\"container\" data-e-type=\"container\" href=\"https:\/\/laiguillejoyeuse.fr\/index.php\/galons\/\">\n\t\t\t\t<div class=\"elementor-element elementor-element-b924fc1 elementor-widget elementor-widget-image\" data-id=\"b924fc1\" data-element_type=\"widget\" data-e-type=\"widget\" data-widget_type=\"image.default\">\n\t\t\t\t<div class=\"elementor-widget-container\">\n\t\t\t\t\t\t\t\t\t\t\t\t\t\t\t<img decoding=\"async\" width=\"576\" height=\"1024\" src=\"https:\/\/laiguillejoyeuse.fr\/wp-content\/uploads\/2024\/12\/20241209_200434-576x1024.jpg\" class=\"attachment-large size-large wp-image-765\" alt=\"\" srcset=\"https:\/\/laiguillejoyeuse.fr\/wp-content\/uploads\/2024\/12\/20241209_200434-576x1024.jpg 576w, https:\/\/laiguillejoyeuse.fr\/wp-content\/uploads\/2024\/12\/20241209_200434-169x300.jpg 169w, https:\/\/laiguillejoyeuse.fr\/wp-content\/uploads\/2024\/12\/20241209_200434-768x1365.jpg 768w, https:\/\/laiguillejoyeuse.fr\/wp-content\/uploads\/2024\/12\/20241209_200434-864x1536.jpg 864w, https:\/\/laiguillejoyeuse.fr\/wp-content\/uploads\/2024\/12\/20241209_200434-1152x2048.jpg 1152w, https:\/\/laiguillejoyeuse.fr\/wp-content\/uploads\/2024\/12\/20241209_200434-scaled.jpg 1440w\" sizes=\"(max-width: 576px) 100vw, 576px\" \/>\t\t\t\t\t\t\t\t\t\t\t\t\t\t\t<\/div>\n\t\t\t\t<\/div>\n\t\t\t\t<div class=\"elementor-element elementor-element-2ad5501 elementor-widget elementor-widget-heading\" data-id=\"2ad5501\" data-element_type=\"widget\" data-e-type=\"widget\" data-widget_type=\"heading.default\">\n\t\t\t\t<div class=\"elementor-widget-container\">\n\t\t\t\t\t<h2 class=\"elementor-heading-title elementor-size-default\">Galons tiss\u00e9s \u00e0 la main<\/h2>\t\t\t\t<\/div>\n\t\t\t\t<\/div>\n\t\t\t\t<div class=\"elementor-element elementor-element-cd3f5f2 elementor-widget elementor-widget-text-editor\" data-id=\"cd3f5f2\" data-element_type=\"widget\" data-e-type=\"widget\" data-widget_type=\"text-editor.default\">\n\t\t\t\t<div class=\"elementor-widget-container\">\n\t\t\t\t\t\t\t\t\t<p>Une technique de tissage ancestrale pour des galons color\u00e9s. Je les utilise dans des costumes historiques ou dans des cr\u00e9ations modernes, ceinture, chapeaux, mettez de la couleur dans vos tenues !<\/p>\t\t\t\t\t\t\t\t<\/div>\n\t\t\t\t<\/div>\n\t\t\t\t<\/a>\n\t\t<a class=\"elementor-element elementor-element-a9b1e50 e-con-full e-flex e-con e-child\" data-id=\"a9b1e50\" data-element_type=\"container\" data-e-type=\"container\" href=\"https:\/\/laiguillejoyeuse.fr\/index.php\/retouches\/\">\n\t\t\t\t<div class=\"elementor-element elementor-element-eb46cb5 elementor-widget elementor-widget-image\" data-id=\"eb46cb5\" data-element_type=\"widget\" data-e-type=\"widget\" data-widget_type=\"image.default\">\n\t\t\t\t<div class=\"elementor-widget-container\">\n\t\t\t\t\t\t\t\t\t\t\t\t\t\t\t<img decoding=\"async\" width=\"576\" height=\"1024\" src=\"https:\/\/laiguillejoyeuse.fr\/wp-content\/uploads\/2024\/12\/Avant.png\" class=\"attachment-large size-large wp-image-637\" alt=\"\" srcset=\"https:\/\/laiguillejoyeuse.fr\/wp-content\/uploads\/2024\/12\/Avant.png 576w, https:\/\/laiguillejoyeuse.fr\/wp-content\/uploads\/2024\/12\/Avant-169x300.png 169w\" sizes=\"(max-width: 576px) 100vw, 576px\" \/>\t\t\t\t\t\t\t\t\t\t\t\t\t\t\t<\/div>\n\t\t\t\t<\/div>\n\t\t\t\t<div class=\"elementor-element elementor-element-b902035 elementor-widget elementor-widget-heading\" data-id=\"b902035\" data-element_type=\"widget\" data-e-type=\"widget\" data-widget_type=\"heading.default\">\n\t\t\t\t<div class=\"elementor-widget-container\">\n\t\t\t\t\t<h2 class=\"elementor-heading-title elementor-size-default\">Retouches<\/h2>\t\t\t\t<\/div>\n\t\t\t\t<\/div>\n\t\t\t\t<div class=\"elementor-element elementor-element-a7cea1f elementor-widget elementor-widget-text-editor\" data-id=\"a7cea1f\" data-element_type=\"widget\" data-e-type=\"widget\" data-widget_type=\"text-editor.default\">\n\t\t\t\t<div class=\"elementor-widget-container\">\n\t\t\t\t\t\t\t\t\t<p>Pourquoi jeter quand on peut r\u00e9parer ? Aimez vos v\u00eatements dans la dur\u00e9e, adaptez-les, r\u00e9parez-les, modifiez-les !<\/p>\t\t\t\t\t\t\t\t<\/div>\n\t\t\t\t<\/div>\n\t\t\t\t<\/a>\n\t\t\t\t<\/div>\n\t\t<div class=\"elementor-element elementor-element-05d1ad1 e-con-full e-flex e-con e-child\" data-id=\"05d1ad1\" data-element_type=\"container\" data-e-type=\"container\">\n\t\t<a class=\"elementor-element elementor-element-2603970 e-con-full e-flex e-con e-child\" data-id=\"2603970\" data-element_type=\"container\" data-e-type=\"container\" href=\"https:\/\/laiguillejoyeuse.fr\/index.php\/vetements-sur-mesure\/\">\n\t\t\t\t<div class=\"elementor-element elementor-element-999dfff elementor-widget elementor-widget-image\" data-id=\"999dfff\" data-element_type=\"widget\" data-e-type=\"widget\" data-widget_type=\"image.default\">\n\t\t\t\t<div class=\"elementor-widget-container\">\n\t\t\t\t\t\t\t\t\t\t\t\t\t\t\t<img loading=\"lazy\" decoding=\"async\" width=\"576\" height=\"1024\" src=\"https:\/\/laiguillejoyeuse.fr\/wp-content\/uploads\/2024\/11\/DSC_0011-4-576x1024.jpg\" class=\"attachment-large size-large wp-image-604\" alt=\"\" srcset=\"https:\/\/laiguillejoyeuse.fr\/wp-content\/uploads\/2024\/11\/DSC_0011-4-576x1024.jpg 576w, https:\/\/laiguillejoyeuse.fr\/wp-content\/uploads\/2024\/11\/DSC_0011-4-169x300.jpg 169w, https:\/\/laiguillejoyeuse.fr\/wp-content\/uploads\/2024\/11\/DSC_0011-4-768x1366.jpg 768w, https:\/\/laiguillejoyeuse.fr\/wp-content\/uploads\/2024\/11\/DSC_0011-4-864x1536.jpg 864w, https:\/\/laiguillejoyeuse.fr\/wp-content\/uploads\/2024\/11\/DSC_0011-4-1152x2048.jpg 1152w, https:\/\/laiguillejoyeuse.fr\/wp-content\/uploads\/2024\/11\/DSC_0011-4-scaled.jpg 1440w\" sizes=\"(max-width: 576px) 100vw, 576px\" \/>\t\t\t\t\t\t\t\t\t\t\t\t\t\t\t<\/div>\n\t\t\t\t<\/div>\n\t\t\t\t<div class=\"elementor-element elementor-element-fc0e8c5 elementor-widget elementor-widget-heading\" data-id=\"fc0e8c5\" data-element_type=\"widget\" data-e-type=\"widget\" data-widget_type=\"heading.default\">\n\t\t\t\t<div class=\"elementor-widget-container\">\n\t\t\t\t\t<h2 class=\"elementor-heading-title elementor-size-default\">V\u00eatements sur mesure<\/h2>\t\t\t\t<\/div>\n\t\t\t\t<\/div>\n\t\t\t\t<div class=\"elementor-element elementor-element-723af2e elementor-widget elementor-widget-text-editor\" data-id=\"723af2e\" data-element_type=\"widget\" data-e-type=\"widget\" data-widget_type=\"text-editor.default\">\n\t\t\t\t<div class=\"elementor-widget-container\">\n\t\t\t\t\t\t\t\t\t<p>Dans un monde de v\u00eatements produits \u00e0 la cha\u00eene, offrez-vous la joie de sortir des normes ! La fabrication \u00e0 la demande vous offre le contr\u00f4le cr\u00e9atif total sur votre garde-robe. Que vous souhaitiez un short orange et rouge, une chemise ajust\u00e9e a votre corps svelte ou une robe qui embellisse vos rondeurs, vous \u00eates au bon endroit !<\/p>\t\t\t\t\t\t\t\t<\/div>\n\t\t\t\t<\/div>\n\t\t\t\t<\/a>\n\t\t<a class=\"elementor-element elementor-element-8f5b031 e-con-full e-flex e-con e-child\" data-id=\"8f5b031\" data-element_type=\"container\" data-e-type=\"container\" href=\"https:\/\/laiguillejoyeuse.fr\/index.php\/costumes-historiques\/\">\n\t\t\t\t<div class=\"elementor-element elementor-element-cf9b173 elementor-widget elementor-widget-image\" data-id=\"cf9b173\" data-element_type=\"widget\" data-e-type=\"widget\" data-widget_type=\"image.default\">\n\t\t\t\t<div class=\"elementor-widget-container\">\n\t\t\t\t\t\t\t\t\t\t\t\t\t\t\t<img loading=\"lazy\" decoding=\"async\" width=\"576\" height=\"1024\" src=\"https:\/\/laiguillejoyeuse.fr\/wp-content\/uploads\/2024\/11\/IMG_7603-2-576x1024.jpg\" class=\"attachment-large size-large wp-image-603\" alt=\"\" srcset=\"https:\/\/laiguillejoyeuse.fr\/wp-content\/uploads\/2024\/11\/IMG_7603-2-576x1024.jpg 576w, https:\/\/laiguillejoyeuse.fr\/wp-content\/uploads\/2024\/11\/IMG_7603-2-169x300.jpg 169w, https:\/\/laiguillejoyeuse.fr\/wp-content\/uploads\/2024\/11\/IMG_7603-2-768x1365.jpg 768w, https:\/\/laiguillejoyeuse.fr\/wp-content\/uploads\/2024\/11\/IMG_7603-2-864x1536.jpg 864w, https:\/\/laiguillejoyeuse.fr\/wp-content\/uploads\/2024\/11\/IMG_7603-2-1152x2048.jpg 1152w, https:\/\/laiguillejoyeuse.fr\/wp-content\/uploads\/2024\/11\/IMG_7603-2-scaled.jpg 1440w\" sizes=\"(max-width: 576px) 100vw, 576px\" \/>\t\t\t\t\t\t\t\t\t\t\t\t\t\t\t<\/div>\n\t\t\t\t<\/div>\n\t\t\t\t<div class=\"elementor-element elementor-element-bae2d11 elementor-widget elementor-widget-heading\" data-id=\"bae2d11\" data-element_type=\"widget\" data-e-type=\"widget\" data-widget_type=\"heading.default\">\n\t\t\t\t<div class=\"elementor-widget-container\">\n\t\t\t\t\t<h2 class=\"elementor-heading-title elementor-size-default\">Costumes historiques<\/h2>\t\t\t\t<\/div>\n\t\t\t\t<\/div>\n\t\t\t\t<div class=\"elementor-element elementor-element-d58b2f1 elementor-widget elementor-widget-text-editor\" data-id=\"d58b2f1\" data-element_type=\"widget\" data-e-type=\"widget\" data-widget_type=\"text-editor.default\">\n\t\t\t\t<div class=\"elementor-widget-container\">\n\t\t\t\t\t\t\t\t\t<p>Aujourd\u2019hui nous avons acc\u00e8s \u00e0 une grande vari\u00e9t\u00e9 vestimentaire, mais quel plaisir d\u2019explorer le v\u00eatement ancien\u2009! Noble occitan du 13e si\u00e8cle, dame de compagnie \u00e0 la cour des Tudors, r\u00e9volution industrielle\u2026 Je suis ravie de vous accompagner dans votre projet, de sourcer votre costume autant que vous le souhaitez. Venez discuter de votre projet !<\/p>\t\t\t\t\t\t\t\t<\/div>\n\t\t\t\t<\/div>\n\t\t\t\t<\/a>\n\t\t\t\t<\/div>\n\t\t\t\t\t<\/div>\n\t\t\t\t<\/div>\n\t\t\t\t<\/div>\n\t\t","protected":false},"excerpt":{"rendered":"<p>Derri\u00e8re l&#8217;Aiguille Je connaissais l\u2019aiguille depuis l\u2019enfance. La joie de cr\u00e9er m\u2019a toujours \u00e9t\u00e9 famili\u00e8re, comme une bonne amie, fid\u00e8le et patiente. Apr\u00e8s moult errances acad\u00e9miques et professionnelles, je me suis enfin rendu compte qu\u2019elle \u00e9tait l\u00e0 pour moi et que je voulais faire ma vie avec l\u2019Aiguille. Joyeusement, nous avons appris \u00e0 nous connaitre [&hellip;]<\/p>\n","protected":false},"author":1,"featured_media":0,"parent":0,"menu_order":0,"comment_status":"closed","ping_status":"closed","template":"","meta":{"ocean_post_layout":"","ocean_both_sidebars_style":"","ocean_both_sidebars_content_width":0,"ocean_both_sidebars_sidebars_width":0,"ocean_sidebar":"","ocean_second_sidebar":"","ocean_disable_margins":"enable","ocean_add_body_class":"","ocean_shortcode_before_top_bar":"","ocean_shortcode_after_top_bar":"","ocean_shortcode_before_header":"","ocean_shortcode_after_header":"","ocean_has_shortcode":"","ocean_shortcode_after_title":"","ocean_shortcode_before_footer_widgets":"","ocean_shortcode_after_footer_widgets":"","ocean_shortcode_before_footer_bottom":"","ocean_shortcode_after_footer_bottom":"","ocean_display_top_bar":"default","ocean_display_header":"default","ocean_header_style":"","ocean_center_header_left_menu":"","ocean_custom_header_template":"","ocean_custom_logo":0,"ocean_custom_retina_logo":0,"ocean_custom_logo_max_width":0,"ocean_custom_logo_tablet_max_width":0,"ocean_custom_logo_mobile_max_width":0,"ocean_custom_logo_max_height":0,"ocean_custom_logo_tablet_max_height":0,"ocean_custom_logo_mobile_max_height":0,"ocean_header_custom_menu":"","ocean_menu_typo_font_family":"","ocean_menu_typo_font_subset":"","ocean_menu_typo_font_size":0,"ocean_menu_typo_font_size_tablet":0,"ocean_menu_typo_font_size_mobile":0,"ocean_menu_typo_font_size_unit":"px","ocean_menu_typo_font_weight":"","ocean_menu_typo_font_weight_tablet":"","ocean_menu_typo_font_weight_mobile":"","ocean_menu_typo_transform":"","ocean_menu_typo_transform_tablet":"","ocean_menu_typo_transform_mobile":"","ocean_menu_typo_line_height":0,"ocean_menu_typo_line_height_tablet":0,"ocean_menu_typo_line_height_mobile":0,"ocean_menu_typo_line_height_unit":"","ocean_menu_typo_spacing":0,"ocean_menu_typo_spacing_tablet":0,"ocean_menu_typo_spacing_mobile":0,"ocean_menu_typo_spacing_unit":"","ocean_menu_link_color":"","ocean_menu_link_color_hover":"","ocean_menu_link_color_active":"","ocean_menu_link_background":"","ocean_menu_link_hover_background":"","ocean_menu_link_active_background":"","ocean_menu_social_links_bg":"","ocean_menu_social_hover_links_bg":"","ocean_menu_social_links_color":"","ocean_menu_social_hover_links_color":"","ocean_disable_title":"default","ocean_disable_heading":"default","ocean_post_title":"","ocean_post_subheading":"","ocean_post_title_style":"","ocean_post_title_background_color":"","ocean_post_title_background":0,"ocean_post_title_bg_image_position":"","ocean_post_title_bg_image_attachment":"","ocean_post_title_bg_image_repeat":"","ocean_post_title_bg_image_size":"","ocean_post_title_height":0,"ocean_post_title_bg_overlay":0.5,"ocean_post_title_bg_overlay_color":"","ocean_disable_breadcrumbs":"default","ocean_breadcrumbs_color":"","ocean_breadcrumbs_separator_color":"","ocean_breadcrumbs_links_color":"","ocean_breadcrumbs_links_hover_color":"","ocean_display_footer_widgets":"default","ocean_display_footer_bottom":"default","ocean_custom_footer_template":"","footnotes":""},"class_list":["post-599","page","type-page","status-publish","hentry","entry"],"yoast_head":"<!-- This site is optimized with the Yoast SEO plugin v27.3 - https:\/\/yoast.com\/product\/yoast-seo-wordpress\/ -->\n<title>Bienvenue dans l&#039;antre de l&#039;Aiguille ! - L&#039;Aiguille Joyeuse<\/title>\n<meta name=\"robots\" content=\"index, follow, max-snippet:-1, max-image-preview:large, max-video-preview:-1\" \/>\n<link rel=\"canonical\" href=\"https:\/\/laiguillejoyeuse.fr\/\" \/>\n<meta property=\"og:locale\" content=\"en_US\" \/>\n<meta property=\"og:type\" content=\"article\" \/>\n<meta property=\"og:title\" content=\"Bienvenue dans l&#039;antre de l&#039;Aiguille ! - L&#039;Aiguille Joyeuse\" \/>\n<meta property=\"og:description\" content=\"Derri\u00e8re l&#8217;Aiguille Je connaissais l\u2019aiguille depuis l\u2019enfance. La joie de cr\u00e9er m\u2019a toujours \u00e9t\u00e9 famili\u00e8re, comme une bonne amie, fid\u00e8le et patiente. Apr\u00e8s moult errances acad\u00e9miques et professionnelles, je me suis enfin rendu compte qu\u2019elle \u00e9tait l\u00e0 pour moi et que je voulais faire ma vie avec l\u2019Aiguille. Joyeusement, nous avons appris \u00e0 nous connaitre [&hellip;]\" \/>\n<meta property=\"og:url\" content=\"https:\/\/laiguillejoyeuse.fr\/\" \/>\n<meta property=\"og:site_name\" content=\"L&#039;Aiguille Joyeuse\" \/>\n<meta property=\"article:modified_time\" content=\"2025-03-21T10:52:32+00:00\" \/>\n<meta property=\"og:image\" content=\"http:\/\/laiguillejoyeuse.fr\/wp-content\/uploads\/2025\/03\/Em_D-2024-12-03-5DMII-_MG_6216-Modifier-300x300.jpg\" \/>\n<meta name=\"twitter:card\" content=\"summary_large_image\" \/>\n<meta name=\"twitter:label1\" content=\"Est. reading time\" \/>\n\t<meta name=\"twitter:data1\" content=\"3 minutes\" \/>\n<script type=\"application\/ld+json\" class=\"yoast-schema-graph\">{\"@context\":\"https:\\\/\\\/schema.org\",\"@graph\":[{\"@type\":\"WebPage\",\"@id\":\"https:\\\/\\\/laiguillejoyeuse.fr\\\/\",\"url\":\"https:\\\/\\\/laiguillejoyeuse.fr\\\/\",\"name\":\"Bienvenue dans l'antre de l'Aiguille ! - L&#039;Aiguille Joyeuse\",\"isPartOf\":{\"@id\":\"https:\\\/\\\/laiguillejoyeuse.fr\\\/#website\"},\"primaryImageOfPage\":{\"@id\":\"https:\\\/\\\/laiguillejoyeuse.fr\\\/#primaryimage\"},\"image\":{\"@id\":\"https:\\\/\\\/laiguillejoyeuse.fr\\\/#primaryimage\"},\"thumbnailUrl\":\"http:\\\/\\\/laiguillejoyeuse.fr\\\/wp-content\\\/uploads\\\/2025\\\/03\\\/Em_D-2024-12-03-5DMII-_MG_6216-Modifier-300x300.jpg\",\"datePublished\":\"2024-11-10T19:05:22+00:00\",\"dateModified\":\"2025-03-21T10:52:32+00:00\",\"breadcrumb\":{\"@id\":\"https:\\\/\\\/laiguillejoyeuse.fr\\\/#breadcrumb\"},\"inLanguage\":\"en-US\",\"potentialAction\":[{\"@type\":\"ReadAction\",\"target\":[\"https:\\\/\\\/laiguillejoyeuse.fr\\\/\"]}]},{\"@type\":\"ImageObject\",\"inLanguage\":\"en-US\",\"@id\":\"https:\\\/\\\/laiguillejoyeuse.fr\\\/#primaryimage\",\"url\":\"https:\\\/\\\/laiguillejoyeuse.fr\\\/wp-content\\\/uploads\\\/2025\\\/03\\\/Em_D-2024-12-03-5DMII-_MG_6216-Modifier.jpg\",\"contentUrl\":\"https:\\\/\\\/laiguillejoyeuse.fr\\\/wp-content\\\/uploads\\\/2025\\\/03\\\/Em_D-2024-12-03-5DMII-_MG_6216-Modifier.jpg\",\"width\":1200,\"height\":1200},{\"@type\":\"BreadcrumbList\",\"@id\":\"https:\\\/\\\/laiguillejoyeuse.fr\\\/#breadcrumb\",\"itemListElement\":[{\"@type\":\"ListItem\",\"position\":1,\"name\":\"Accueil\",\"item\":\"https:\\\/\\\/laiguillejoyeuse.fr\\\/\"},{\"@type\":\"ListItem\",\"position\":2,\"name\":\"Bienvenue dans l&rsquo;antre de l&rsquo;Aiguille !\"}]},{\"@type\":\"WebSite\",\"@id\":\"https:\\\/\\\/laiguillejoyeuse.fr\\\/#website\",\"url\":\"https:\\\/\\\/laiguillejoyeuse.fr\\\/\",\"name\":\"L&#039;Aiguille Joyeuse\",\"description\":\"\",\"publisher\":{\"@id\":\"https:\\\/\\\/laiguillejoyeuse.fr\\\/#organization\"},\"potentialAction\":[{\"@type\":\"SearchAction\",\"target\":{\"@type\":\"EntryPoint\",\"urlTemplate\":\"https:\\\/\\\/laiguillejoyeuse.fr\\\/?s={search_term_string}\"},\"query-input\":{\"@type\":\"PropertyValueSpecification\",\"valueRequired\":true,\"valueName\":\"search_term_string\"}}],\"inLanguage\":\"en-US\"},{\"@type\":\"Organization\",\"@id\":\"https:\\\/\\\/laiguillejoyeuse.fr\\\/#organization\",\"name\":\"L&#039;Aiguille Joyeuse\",\"url\":\"https:\\\/\\\/laiguillejoyeuse.fr\\\/\",\"logo\":{\"@type\":\"ImageObject\",\"inLanguage\":\"en-US\",\"@id\":\"https:\\\/\\\/laiguillejoyeuse.fr\\\/#\\\/schema\\\/logo\\\/image\\\/\",\"url\":\"https:\\\/\\\/laiguillejoyeuse.fr\\\/wp-content\\\/uploads\\\/2024\\\/09\\\/cropped-g77.png\",\"contentUrl\":\"https:\\\/\\\/laiguillejoyeuse.fr\\\/wp-content\\\/uploads\\\/2024\\\/09\\\/cropped-g77.png\",\"width\":162,\"height\":44,\"caption\":\"L&#039;Aiguille Joyeuse\"},\"image\":{\"@id\":\"https:\\\/\\\/laiguillejoyeuse.fr\\\/#\\\/schema\\\/logo\\\/image\\\/\"}}]}<\/script>\n<!-- \/ Yoast SEO plugin. -->","yoast_head_json":{"title":"Bienvenue dans l'antre de l'Aiguille ! - L&#039;Aiguille Joyeuse","robots":{"index":"index","follow":"follow","max-snippet":"max-snippet:-1","max-image-preview":"max-image-preview:large","max-video-preview":"max-video-preview:-1"},"canonical":"https:\/\/laiguillejoyeuse.fr\/","og_locale":"en_US","og_type":"article","og_title":"Bienvenue dans l'antre de l'Aiguille ! - L&#039;Aiguille Joyeuse","og_description":"Derri\u00e8re l&#8217;Aiguille Je connaissais l\u2019aiguille depuis l\u2019enfance. La joie de cr\u00e9er m\u2019a toujours \u00e9t\u00e9 famili\u00e8re, comme une bonne amie, fid\u00e8le et patiente. Apr\u00e8s moult errances acad\u00e9miques et professionnelles, je me suis enfin rendu compte qu\u2019elle \u00e9tait l\u00e0 pour moi et que je voulais faire ma vie avec l\u2019Aiguille. Joyeusement, nous avons appris \u00e0 nous connaitre [&hellip;]","og_url":"https:\/\/laiguillejoyeuse.fr\/","og_site_name":"L&#039;Aiguille Joyeuse","article_modified_time":"2025-03-21T10:52:32+00:00","og_image":[{"url":"http:\/\/laiguillejoyeuse.fr\/wp-content\/uploads\/2025\/03\/Em_D-2024-12-03-5DMII-_MG_6216-Modifier-300x300.jpg","type":"","width":"","height":""}],"twitter_card":"summary_large_image","twitter_misc":{"Est. reading time":"3 minutes"},"schema":{"@context":"https:\/\/schema.org","@graph":[{"@type":"WebPage","@id":"https:\/\/laiguillejoyeuse.fr\/","url":"https:\/\/laiguillejoyeuse.fr\/","name":"Bienvenue dans l'antre de l'Aiguille ! - L&#039;Aiguille Joyeuse","isPartOf":{"@id":"https:\/\/laiguillejoyeuse.fr\/#website"},"primaryImageOfPage":{"@id":"https:\/\/laiguillejoyeuse.fr\/#primaryimage"},"image":{"@id":"https:\/\/laiguillejoyeuse.fr\/#primaryimage"},"thumbnailUrl":"http:\/\/laiguillejoyeuse.fr\/wp-content\/uploads\/2025\/03\/Em_D-2024-12-03-5DMII-_MG_6216-Modifier-300x300.jpg","datePublished":"2024-11-10T19:05:22+00:00","dateModified":"2025-03-21T10:52:32+00:00","breadcrumb":{"@id":"https:\/\/laiguillejoyeuse.fr\/#breadcrumb"},"inLanguage":"en-US","potentialAction":[{"@type":"ReadAction","target":["https:\/\/laiguillejoyeuse.fr\/"]}]},{"@type":"ImageObject","inLanguage":"en-US","@id":"https:\/\/laiguillejoyeuse.fr\/#primaryimage","url":"https:\/\/laiguillejoyeuse.fr\/wp-content\/uploads\/2025\/03\/Em_D-2024-12-03-5DMII-_MG_6216-Modifier.jpg","contentUrl":"https:\/\/laiguillejoyeuse.fr\/wp-content\/uploads\/2025\/03\/Em_D-2024-12-03-5DMII-_MG_6216-Modifier.jpg","width":1200,"height":1200},{"@type":"BreadcrumbList","@id":"https:\/\/laiguillejoyeuse.fr\/#breadcrumb","itemListElement":[{"@type":"ListItem","position":1,"name":"Accueil","item":"https:\/\/laiguillejoyeuse.fr\/"},{"@type":"ListItem","position":2,"name":"Bienvenue dans l&rsquo;antre de l&rsquo;Aiguille !"}]},{"@type":"WebSite","@id":"https:\/\/laiguillejoyeuse.fr\/#website","url":"https:\/\/laiguillejoyeuse.fr\/","name":"L&#039;Aiguille Joyeuse","description":"","publisher":{"@id":"https:\/\/laiguillejoyeuse.fr\/#organization"},"potentialAction":[{"@type":"SearchAction","target":{"@type":"EntryPoint","urlTemplate":"https:\/\/laiguillejoyeuse.fr\/?s={search_term_string}"},"query-input":{"@type":"PropertyValueSpecification","valueRequired":true,"valueName":"search_term_string"}}],"inLanguage":"en-US"},{"@type":"Organization","@id":"https:\/\/laiguillejoyeuse.fr\/#organization","name":"L&#039;Aiguille Joyeuse","url":"https:\/\/laiguillejoyeuse.fr\/","logo":{"@type":"ImageObject","inLanguage":"en-US","@id":"https:\/\/laiguillejoyeuse.fr\/#\/schema\/logo\/image\/","url":"https:\/\/laiguillejoyeuse.fr\/wp-content\/uploads\/2024\/09\/cropped-g77.png","contentUrl":"https:\/\/laiguillejoyeuse.fr\/wp-content\/uploads\/2024\/09\/cropped-g77.png","width":162,"height":44,"caption":"L&#039;Aiguille Joyeuse"},"image":{"@id":"https:\/\/laiguillejoyeuse.fr\/#\/schema\/logo\/image\/"}}]}},"_links":{"self":[{"href":"https:\/\/laiguillejoyeuse.fr\/index.php\/wp-json\/wp\/v2\/pages\/599","targetHints":{"allow":["GET"]}}],"collection":[{"href":"https:\/\/laiguillejoyeuse.fr\/index.php\/wp-json\/wp\/v2\/pages"}],"about":[{"href":"https:\/\/laiguillejoyeuse.fr\/index.php\/wp-json\/wp\/v2\/types\/page"}],"author":[{"embeddable":true,"href":"https:\/\/laiguillejoyeuse.fr\/index.php\/wp-json\/wp\/v2\/users\/1"}],"replies":[{"embeddable":true,"href":"https:\/\/laiguillejoyeuse.fr\/index.php\/wp-json\/wp\/v2\/comments?post=599"}],"version-history":[{"count":51,"href":"https:\/\/laiguillejoyeuse.fr\/index.php\/wp-json\/wp\/v2\/pages\/599\/revisions"}],"predecessor-version":[{"id":897,"href":"https:\/\/laiguillejoyeuse.fr\/index.php\/wp-json\/wp\/v2\/pages\/599\/revisions\/897"}],"wp:attachment":[{"href":"https:\/\/laiguillejoyeuse.fr\/index.php\/wp-json\/wp\/v2\/media?parent=599"}],"curies":[{"name":"wp","href":"https:\/\/api.w.org\/{rel}","templated":true}]}}