{"id":648,"date":"2024-12-02T22:01:08","date_gmt":"2024-12-02T21:01:08","guid":{"rendered":"https:\/\/laiguillejoyeuse.fr\/?page_id=648"},"modified":"2025-01-17T13:18:22","modified_gmt":"2025-01-17T12:18:22","slug":"vetements-sur-mesure","status":"publish","type":"page","link":"https:\/\/laiguillejoyeuse.fr\/index.php\/vetements-sur-mesure\/","title":{"rendered":"V\u00eatements sur mesure"},"content":{"rendered":"\t\t<div data-elementor-type=\"wp-page\" data-elementor-id=\"648\" class=\"elementor elementor-648\">\n\t\t\t\t<div class=\"elementor-element elementor-element-ac87ab2 e-flex e-con-boxed e-con e-parent\" data-id=\"ac87ab2\" data-element_type=\"container\" data-e-type=\"container\">\n\t\t\t\t\t<div class=\"e-con-inner\">\n\t\t<div class=\"elementor-element elementor-element-31992d5 e-con-full e-flex e-con e-child\" data-id=\"31992d5\" data-element_type=\"container\" data-e-type=\"container\">\n\t\t\t\t<div class=\"elementor-element elementor-element-ca236c2 elementor-widget elementor-widget-heading\" data-id=\"ca236c2\" data-element_type=\"widget\" data-e-type=\"widget\" data-widget_type=\"heading.default\">\n\t\t\t\t<div class=\"elementor-widget-container\">\n\t\t\t\t\t<h2 class=\"elementor-heading-title elementor-size-default\">Sortir du pr\u00eat-\u00e0-porter<\/h2>\t\t\t\t<\/div>\n\t\t\t\t<\/div>\n\t\t\t\t<div class=\"elementor-element elementor-element-0b08b7e elementor-widget elementor-widget-text-editor\" data-id=\"0b08b7e\" data-element_type=\"widget\" data-e-type=\"widget\" data-widget_type=\"text-editor.default\">\n\t\t\t\t<div class=\"elementor-widget-container\">\n\t\t\t\t\t\t\t\t\t<p>Dans une soci\u00e9t\u00e9 de la production de masse, il n\u2019est pas instinctif de bifurquer des v\u00eatements produits en masse \u00e0 l\u2019autre bout du monde. L\u2019industrie ne nous offre pas juste de l\u2019imm\u00e9diat, elle nous a simplement mis en t\u00eate que le sur mesure est un luxe un peu surann\u00e9, r\u00e9serv\u00e9 \u00e0 des bourgeois un peu d\u00e9connect\u00e9s.<\/p><p>Mais pourquoi ne pas y retourner, \u00e7a a plein d\u2019avantages !<\/p>\t\t\t\t\t\t\t\t<\/div>\n\t\t\t\t<\/div>\n\t\t\t\t<\/div>\n\t\t<div class=\"elementor-element elementor-element-e6c6273 e-con-full e-flex e-con e-child\" data-id=\"e6c6273\" data-element_type=\"container\" data-e-type=\"container\">\n\t\t<div class=\"elementor-element elementor-element-bc4d522 e-con-full e-flex e-con e-child\" data-id=\"bc4d522\" data-element_type=\"container\" data-e-type=\"container\">\n\t\t\t\t<div class=\"elementor-element elementor-element-c9d03d5 elementor-widget elementor-widget-image\" data-id=\"c9d03d5\" data-element_type=\"widget\" data-e-type=\"widget\" data-widget_type=\"image.default\">\n\t\t\t\t<div class=\"elementor-widget-container\">\n\t\t\t\t\t\t\t\t\t\t\t\t\t\t\t<img fetchpriority=\"high\" decoding=\"async\" width=\"1024\" height=\"1024\" src=\"https:\/\/laiguillejoyeuse.fr\/wp-content\/uploads\/2025\/01\/3-1024x1024.png\" class=\"attachment-large size-large wp-image-843\" alt=\"\" srcset=\"https:\/\/laiguillejoyeuse.fr\/wp-content\/uploads\/2025\/01\/3-1024x1024.png 1024w, https:\/\/laiguillejoyeuse.fr\/wp-content\/uploads\/2025\/01\/3-300x300.png 300w, https:\/\/laiguillejoyeuse.fr\/wp-content\/uploads\/2025\/01\/3-150x150.png 150w, https:\/\/laiguillejoyeuse.fr\/wp-content\/uploads\/2025\/01\/3-768x768.png 768w, https:\/\/laiguillejoyeuse.fr\/wp-content\/uploads\/2025\/01\/3-1536x1536.png 1536w, https:\/\/laiguillejoyeuse.fr\/wp-content\/uploads\/2025\/01\/3-600x600.png 600w, https:\/\/laiguillejoyeuse.fr\/wp-content\/uploads\/2025\/01\/3.png 2048w\" sizes=\"(max-width: 1024px) 100vw, 1024px\" \/>\t\t\t\t\t\t\t\t\t\t\t\t\t\t\t<\/div>\n\t\t\t\t<\/div>\n\t\t\t\t<\/div>\n\t\t<div class=\"elementor-element elementor-element-dcf8c98 e-con-full e-flex e-con e-child\" data-id=\"dcf8c98\" data-element_type=\"container\" data-e-type=\"container\">\n\t\t\t\t<div class=\"elementor-element elementor-element-2e7f46c elementor-widget elementor-widget-heading\" data-id=\"2e7f46c\" data-element_type=\"widget\" data-e-type=\"widget\" data-widget_type=\"heading.default\">\n\t\t\t\t<div class=\"elementor-widget-container\">\n\t\t\t\t\t<h2 class=\"elementor-heading-title elementor-size-default\">\u00c7a vous ira comme un gant !<\/h2>\t\t\t\t<\/div>\n\t\t\t\t<\/div>\n\t\t\t\t<div class=\"elementor-element elementor-element-13a76ce elementor-widget elementor-widget-text-editor\" data-id=\"13a76ce\" data-element_type=\"widget\" data-e-type=\"widget\" data-widget_type=\"text-editor.default\">\n\t\t\t\t<div class=\"elementor-widget-container\">\n\t\t\t\t\t\t\t\t\t<p>\u00c9videmment, le premier avantage, c\u2019est que ce sera \u00e9videmment sur mesure. Un v\u00eatement fait uniquement pour vous, qui respectera votre corps et vos formes. Finit de devoir reposer cette jolie blouse qui ne s\u2019adaptera jamais \u00e0 votre corps.<\/p>\t\t\t\t\t\t\t\t<\/div>\n\t\t\t\t<\/div>\n\t\t\t\t<\/div>\n\t\t\t\t<\/div>\n\t\t<div class=\"elementor-element elementor-element-ac842af e-con-full e-flex e-con e-child\" data-id=\"ac842af\" data-element_type=\"container\" data-e-type=\"container\">\n\t\t<div class=\"elementor-element elementor-element-48226dc e-con-full e-flex e-con e-child\" data-id=\"48226dc\" data-element_type=\"container\" data-e-type=\"container\">\n\t\t\t\t<div class=\"elementor-element elementor-element-92fca96 elementor-widget elementor-widget-image\" data-id=\"92fca96\" data-element_type=\"widget\" data-e-type=\"widget\" data-widget_type=\"image.default\">\n\t\t\t\t<div class=\"elementor-widget-container\">\n\t\t\t\t\t\t\t\t\t\t\t\t\t\t\t<img decoding=\"async\" width=\"794\" height=\"669\" src=\"https:\/\/laiguillejoyeuse.fr\/wp-content\/uploads\/2025\/01\/IMG-20230516-WA0014-Copie.jpg\" class=\"attachment-large size-large wp-image-842\" alt=\"\" srcset=\"https:\/\/laiguillejoyeuse.fr\/wp-content\/uploads\/2025\/01\/IMG-20230516-WA0014-Copie.jpg 794w, https:\/\/laiguillejoyeuse.fr\/wp-content\/uploads\/2025\/01\/IMG-20230516-WA0014-Copie-300x253.jpg 300w, https:\/\/laiguillejoyeuse.fr\/wp-content\/uploads\/2025\/01\/IMG-20230516-WA0014-Copie-768x647.jpg 768w\" sizes=\"(max-width: 794px) 100vw, 794px\" \/>\t\t\t\t\t\t\t\t\t\t\t\t\t\t\t<\/div>\n\t\t\t\t<\/div>\n\t\t\t\t<\/div>\n\t\t<div class=\"elementor-element elementor-element-3b663b5 e-con-full e-flex e-con e-child\" data-id=\"3b663b5\" data-element_type=\"container\" data-e-type=\"container\">\n\t\t\t\t<div class=\"elementor-element elementor-element-049f882 elementor-widget elementor-widget-heading\" data-id=\"049f882\" data-element_type=\"widget\" data-e-type=\"widget\" data-widget_type=\"heading.default\">\n\t\t\t\t<div class=\"elementor-widget-container\">\n\t\t\t\t\t<h2 class=\"elementor-heading-title elementor-size-default\">C'est aussi unique que vous !<\/h2>\t\t\t\t<\/div>\n\t\t\t\t<\/div>\n\t\t\t\t<div class=\"elementor-element elementor-element-a74562d elementor-widget elementor-widget-text-editor\" data-id=\"a74562d\" data-element_type=\"widget\" data-e-type=\"widget\" data-widget_type=\"text-editor.default\">\n\t\t\t\t<div class=\"elementor-widget-container\">\n\t\t\t\t\t\t\t\t\t<p>Pas de limite par la mode du moment. Si vous aimez les canons actuels, on peut faire une pi\u00e8ce tendance, mais on peut aussi faire un superbe \u00e9crin pour le diamant que vous \u00eates !<\/p><p>Pas de limite, devancez les tendances, ou puisez dans le vintage, l\u2019histoire de la mode ou du costume, inventez vous comme jamais l\u2019industrie ne vous le permettra !<\/p>\t\t\t\t\t\t\t\t<\/div>\n\t\t\t\t<\/div>\n\t\t\t\t<\/div>\n\t\t\t\t<\/div>\n\t\t<div class=\"elementor-element elementor-element-c072dac e-con-full e-flex e-con e-child\" data-id=\"c072dac\" data-element_type=\"container\" data-e-type=\"container\">\n\t\t<div class=\"elementor-element elementor-element-6bdafc2 e-con-full e-flex e-con e-child\" data-id=\"6bdafc2\" data-element_type=\"container\" data-e-type=\"container\">\n\t\t\t\t<div class=\"elementor-element elementor-element-46e83f3 elementor-widget elementor-widget-image\" data-id=\"46e83f3\" data-element_type=\"widget\" data-e-type=\"widget\" data-widget_type=\"image.default\">\n\t\t\t\t<div class=\"elementor-widget-container\">\n\t\t\t\t\t\t\t\t\t\t\t\t\t\t\t<img decoding=\"async\" width=\"768\" height=\"1250\" src=\"https:\/\/laiguillejoyeuse.fr\/wp-content\/uploads\/2024\/11\/DSC_0011-3-768x1250.jpg\" class=\"attachment-medium_large size-medium_large wp-image-602\" alt=\"\" srcset=\"https:\/\/laiguillejoyeuse.fr\/wp-content\/uploads\/2024\/11\/DSC_0011-3-768x1250.jpg 768w, https:\/\/laiguillejoyeuse.fr\/wp-content\/uploads\/2024\/11\/DSC_0011-3-184x300.jpg 184w, https:\/\/laiguillejoyeuse.fr\/wp-content\/uploads\/2024\/11\/DSC_0011-3-629x1024.jpg 629w, https:\/\/laiguillejoyeuse.fr\/wp-content\/uploads\/2024\/11\/DSC_0011-3-943x1536.jpg 943w, https:\/\/laiguillejoyeuse.fr\/wp-content\/uploads\/2024\/11\/DSC_0011-3-1258x2048.jpg 1258w, https:\/\/laiguillejoyeuse.fr\/wp-content\/uploads\/2024\/11\/DSC_0011-3-scaled.jpg 1572w\" sizes=\"(max-width: 768px) 100vw, 768px\" \/>\t\t\t\t\t\t\t\t\t\t\t\t\t\t\t<\/div>\n\t\t\t\t<\/div>\n\t\t\t\t<\/div>\n\t\t<div class=\"elementor-element elementor-element-23608f2 e-con-full e-flex e-con e-child\" data-id=\"23608f2\" data-element_type=\"container\" data-e-type=\"container\">\n\t\t\t\t<div class=\"elementor-element elementor-element-a286778 elementor-widget elementor-widget-heading\" data-id=\"a286778\" data-element_type=\"widget\" data-e-type=\"widget\" data-widget_type=\"heading.default\">\n\t\t\t\t<div class=\"elementor-widget-container\">\n\t\t\t\t\t<h2 class=\"elementor-heading-title elementor-size-default\">C'est \u00e9colo !<\/h2>\t\t\t\t<\/div>\n\t\t\t\t<\/div>\n\t\t\t\t<div class=\"elementor-element elementor-element-27ad5a2 elementor-widget elementor-widget-text-editor\" data-id=\"27ad5a2\" data-element_type=\"widget\" data-e-type=\"widget\" data-widget_type=\"text-editor.default\">\n\t\t\t\t<div class=\"elementor-widget-container\">\n\t\t\t\t\t\t\t\t\t<p>En ne participant pas \u00e0 la course de la production vestimentaire de masse, vous sortez d\u2019un syst\u00e8me qui surproduit \u00e0 la pelle des pi\u00e8ces qui ne seront souvent port\u00e9es que quelques fois.<\/p><p>L\u2019Aiguille produit\u00a0 des v\u00eatements solides uniquement sur demande. Notre objectif, c\u2019est de concevoir avec vous un v\u00eatement que vous aimez et qui vous durera des ann\u00e9es.<\/p>\t\t\t\t\t\t\t\t<\/div>\n\t\t\t\t<\/div>\n\t\t\t\t<\/div>\n\t\t\t\t<\/div>\n\t\t<div class=\"elementor-element elementor-element-c9d1e57 e-con-full e-flex e-con e-child\" data-id=\"c9d1e57\" data-element_type=\"container\" data-e-type=\"container\">\n\t\t<div class=\"elementor-element elementor-element-89a167b e-con-full e-flex e-con e-child\" data-id=\"89a167b\" data-element_type=\"container\" data-e-type=\"container\">\n\t\t\t\t<div class=\"elementor-element elementor-element-6704925 elementor-widget elementor-widget-heading\" data-id=\"6704925\" data-element_type=\"widget\" data-e-type=\"widget\" data-widget_type=\"heading.default\">\n\t\t\t\t<div class=\"elementor-widget-container\">\n\t\t\t\t\t<h2 class=\"elementor-heading-title elementor-size-default\">Est-ce hors de prix ?<\/h2>\t\t\t\t<\/div>\n\t\t\t\t<\/div>\n\t\t\t\t<div class=\"elementor-element elementor-element-967dc31 elementor-widget elementor-widget-text-editor\" data-id=\"967dc31\" data-element_type=\"widget\" data-e-type=\"widget\" data-widget_type=\"text-editor.default\">\n\t\t\t\t<div class=\"elementor-widget-container\">\n\t\t\t\t\t\t\t\t\t<p>C\u2019est plus cher que chez Zara, oui. Mais pas non plus 10 fois plus cher.<\/p><p>Je suis bas\u00e9e en France et pour vivre dignement de mon travail, je suis dans une gamme de prix sup\u00e9rieure. Mais pas non plus exorbitante<\/p><p>comptez 150\u20ac pour une chemise, 100\u20ac pour une jupe. Pour une pi\u00e8ce con\u00e7ue pour durer et vous accompagner longtemps.<\/p>\t\t\t\t\t\t\t\t<\/div>\n\t\t\t\t<\/div>\n\t\t\t\t<\/div>\n\t\t<div class=\"elementor-element elementor-element-f4cdd03 e-con-full e-flex e-con e-child\" data-id=\"f4cdd03\" data-element_type=\"container\" data-e-type=\"container\">\n\t\t\t\t<div class=\"elementor-element elementor-element-075856e elementor-widget elementor-widget-image\" data-id=\"075856e\" data-element_type=\"widget\" data-e-type=\"widget\" data-widget_type=\"image.default\">\n\t\t\t\t<div class=\"elementor-widget-container\">\n\t\t\t\t\t\t\t\t\t\t\t\t\t\t\t<img loading=\"lazy\" decoding=\"async\" width=\"819\" height=\"1024\" src=\"https:\/\/laiguillejoyeuse.fr\/wp-content\/uploads\/2025\/01\/DSC_0020-819x1024.jpg\" class=\"attachment-large size-large wp-image-841\" alt=\"\" srcset=\"https:\/\/laiguillejoyeuse.fr\/wp-content\/uploads\/2025\/01\/DSC_0020-819x1024.jpg 819w, https:\/\/laiguillejoyeuse.fr\/wp-content\/uploads\/2025\/01\/DSC_0020-240x300.jpg 240w, https:\/\/laiguillejoyeuse.fr\/wp-content\/uploads\/2025\/01\/DSC_0020-768x960.jpg 768w, https:\/\/laiguillejoyeuse.fr\/wp-content\/uploads\/2025\/01\/DSC_0020-1229x1536.jpg 1229w, https:\/\/laiguillejoyeuse.fr\/wp-content\/uploads\/2025\/01\/DSC_0020-1638x2048.jpg 1638w, https:\/\/laiguillejoyeuse.fr\/wp-content\/uploads\/2025\/01\/DSC_0020-scaled.jpg 2048w\" sizes=\"(max-width: 819px) 100vw, 819px\" \/>\t\t\t\t\t\t\t\t\t\t\t\t\t\t\t<\/div>\n\t\t\t\t<\/div>\n\t\t\t\t<\/div>\n\t\t\t\t<\/div>\n\t\t\t\t\t<\/div>\n\t\t\t\t<\/div>\n\t\t<div class=\"elementor-element elementor-element-8f54b58 e-flex e-con-boxed e-con e-parent\" data-id=\"8f54b58\" data-element_type=\"container\" data-e-type=\"container\">\n\t\t\t\t\t<div class=\"e-con-inner\">\n\t\t\t\t\t<\/div>\n\t\t\t\t<\/div>\n\t\t\t\t<\/div>\n\t\t","protected":false},"excerpt":{"rendered":"<p>Sortir du pr\u00eat-\u00e0-porter Dans une soci\u00e9t\u00e9 de la production de masse, il n\u2019est pas instinctif de bifurquer des v\u00eatements produits en masse \u00e0 l\u2019autre bout du monde. L\u2019industrie ne nous offre pas juste de l\u2019imm\u00e9diat, elle nous a simplement mis en t\u00eate que le sur mesure est un luxe un peu surann\u00e9, r\u00e9serv\u00e9 \u00e0 des [&hellip;]<\/p>\n","protected":false},"author":1,"featured_media":0,"parent":0,"menu_order":0,"comment_status":"closed","ping_status":"closed","template":"","meta":{"ocean_post_layout":"","ocean_both_sidebars_style":"","ocean_both_sidebars_content_width":0,"ocean_both_sidebars_sidebars_width":0,"ocean_sidebar":"","ocean_second_sidebar":"","ocean_disable_margins":"enable","ocean_add_body_class":"","ocean_shortcode_before_top_bar":"","ocean_shortcode_after_top_bar":"","ocean_shortcode_before_header":"","ocean_shortcode_after_header":"","ocean_has_shortcode":"","ocean_shortcode_after_title":"","ocean_shortcode_before_footer_widgets":"","ocean_shortcode_after_footer_widgets":"","ocean_shortcode_before_footer_bottom":"","ocean_shortcode_after_footer_bottom":"","ocean_display_top_bar":"default","ocean_display_header":"default","ocean_header_style":"","ocean_center_header_left_menu":"","ocean_custom_header_template":"","ocean_custom_logo":0,"ocean_custom_retina_logo":0,"ocean_custom_logo_max_width":0,"ocean_custom_logo_tablet_max_width":0,"ocean_custom_logo_mobile_max_width":0,"ocean_custom_logo_max_height":0,"ocean_custom_logo_tablet_max_height":0,"ocean_custom_logo_mobile_max_height":0,"ocean_header_custom_menu":"","ocean_menu_typo_font_family":"","ocean_menu_typo_font_subset":"","ocean_menu_typo_font_size":0,"ocean_menu_typo_font_size_tablet":0,"ocean_menu_typo_font_size_mobile":0,"ocean_menu_typo_font_size_unit":"px","ocean_menu_typo_font_weight":"","ocean_menu_typo_font_weight_tablet":"","ocean_menu_typo_font_weight_mobile":"","ocean_menu_typo_transform":"","ocean_menu_typo_transform_tablet":"","ocean_menu_typo_transform_mobile":"","ocean_menu_typo_line_height":0,"ocean_menu_typo_line_height_tablet":0,"ocean_menu_typo_line_height_mobile":0,"ocean_menu_typo_line_height_unit":"","ocean_menu_typo_spacing":0,"ocean_menu_typo_spacing_tablet":0,"ocean_menu_typo_spacing_mobile":0,"ocean_menu_typo_spacing_unit":"","ocean_menu_link_color":"","ocean_menu_link_color_hover":"","ocean_menu_link_color_active":"","ocean_menu_link_background":"","ocean_menu_link_hover_background":"","ocean_menu_link_active_background":"","ocean_menu_social_links_bg":"","ocean_menu_social_hover_links_bg":"","ocean_menu_social_links_color":"","ocean_menu_social_hover_links_color":"","ocean_disable_title":"default","ocean_disable_heading":"default","ocean_post_title":"","ocean_post_subheading":"","ocean_post_title_style":"","ocean_post_title_background_color":"","ocean_post_title_background":0,"ocean_post_title_bg_image_position":"","ocean_post_title_bg_image_attachment":"","ocean_post_title_bg_image_repeat":"","ocean_post_title_bg_image_size":"","ocean_post_title_height":0,"ocean_post_title_bg_overlay":0.5,"ocean_post_title_bg_overlay_color":"","ocean_disable_breadcrumbs":"default","ocean_breadcrumbs_color":"","ocean_breadcrumbs_separator_color":"","ocean_breadcrumbs_links_color":"","ocean_breadcrumbs_links_hover_color":"","ocean_display_footer_widgets":"default","ocean_display_footer_bottom":"default","ocean_custom_footer_template":"","footnotes":""},"class_list":["post-648","page","type-page","status-publish","hentry","entry"],"yoast_head":"<!-- This site is optimized with the Yoast SEO plugin v27.3 - https:\/\/yoast.com\/product\/yoast-seo-wordpress\/ -->\n<title>V\u00eatements sur mesure - L&#039;Aiguille Joyeuse<\/title>\n<meta name=\"robots\" content=\"index, follow, max-snippet:-1, max-image-preview:large, max-video-preview:-1\" \/>\n<link rel=\"canonical\" href=\"https:\/\/laiguillejoyeuse.fr\/index.php\/vetements-sur-mesure\/\" \/>\n<meta property=\"og:locale\" content=\"en_US\" \/>\n<meta property=\"og:type\" content=\"article\" \/>\n<meta property=\"og:title\" content=\"V\u00eatements sur mesure - L&#039;Aiguille Joyeuse\" \/>\n<meta property=\"og:description\" content=\"Sortir du pr\u00eat-\u00e0-porter Dans une soci\u00e9t\u00e9 de la production de masse, il n\u2019est pas instinctif de bifurquer des v\u00eatements produits en masse \u00e0 l\u2019autre bout du monde. L\u2019industrie ne nous offre pas juste de l\u2019imm\u00e9diat, elle nous a simplement mis en t\u00eate que le sur mesure est un luxe un peu surann\u00e9, r\u00e9serv\u00e9 \u00e0 des [&hellip;]\" \/>\n<meta property=\"og:url\" content=\"https:\/\/laiguillejoyeuse.fr\/index.php\/vetements-sur-mesure\/\" \/>\n<meta property=\"og:site_name\" content=\"L&#039;Aiguille Joyeuse\" \/>\n<meta property=\"article:modified_time\" content=\"2025-01-17T12:18:22+00:00\" \/>\n<meta property=\"og:image\" content=\"http:\/\/laiguillejoyeuse.fr\/wp-content\/uploads\/2025\/01\/3-1024x1024.png\" \/>\n<meta name=\"twitter:card\" content=\"summary_large_image\" \/>\n<meta name=\"twitter:label1\" content=\"Est. reading time\" \/>\n\t<meta name=\"twitter:data1\" content=\"3 minutes\" \/>\n<script type=\"application\/ld+json\" class=\"yoast-schema-graph\">{\"@context\":\"https:\\\/\\\/schema.org\",\"@graph\":[{\"@type\":\"WebPage\",\"@id\":\"https:\\\/\\\/laiguillejoyeuse.fr\\\/index.php\\\/vetements-sur-mesure\\\/\",\"url\":\"https:\\\/\\\/laiguillejoyeuse.fr\\\/index.php\\\/vetements-sur-mesure\\\/\",\"name\":\"V\u00eatements sur mesure - L&#039;Aiguille Joyeuse\",\"isPartOf\":{\"@id\":\"https:\\\/\\\/laiguillejoyeuse.fr\\\/#website\"},\"primaryImageOfPage\":{\"@id\":\"https:\\\/\\\/laiguillejoyeuse.fr\\\/index.php\\\/vetements-sur-mesure\\\/#primaryimage\"},\"image\":{\"@id\":\"https:\\\/\\\/laiguillejoyeuse.fr\\\/index.php\\\/vetements-sur-mesure\\\/#primaryimage\"},\"thumbnailUrl\":\"http:\\\/\\\/laiguillejoyeuse.fr\\\/wp-content\\\/uploads\\\/2025\\\/01\\\/3-1024x1024.png\",\"datePublished\":\"2024-12-02T21:01:08+00:00\",\"dateModified\":\"2025-01-17T12:18:22+00:00\",\"breadcrumb\":{\"@id\":\"https:\\\/\\\/laiguillejoyeuse.fr\\\/index.php\\\/vetements-sur-mesure\\\/#breadcrumb\"},\"inLanguage\":\"en-US\",\"potentialAction\":[{\"@type\":\"ReadAction\",\"target\":[\"https:\\\/\\\/laiguillejoyeuse.fr\\\/index.php\\\/vetements-sur-mesure\\\/\"]}]},{\"@type\":\"ImageObject\",\"inLanguage\":\"en-US\",\"@id\":\"https:\\\/\\\/laiguillejoyeuse.fr\\\/index.php\\\/vetements-sur-mesure\\\/#primaryimage\",\"url\":\"https:\\\/\\\/laiguillejoyeuse.fr\\\/wp-content\\\/uploads\\\/2025\\\/01\\\/3.png\",\"contentUrl\":\"https:\\\/\\\/laiguillejoyeuse.fr\\\/wp-content\\\/uploads\\\/2025\\\/01\\\/3.png\",\"width\":2048,\"height\":2048},{\"@type\":\"BreadcrumbList\",\"@id\":\"https:\\\/\\\/laiguillejoyeuse.fr\\\/index.php\\\/vetements-sur-mesure\\\/#breadcrumb\",\"itemListElement\":[{\"@type\":\"ListItem\",\"position\":1,\"name\":\"Accueil\",\"item\":\"https:\\\/\\\/laiguillejoyeuse.fr\\\/\"},{\"@type\":\"ListItem\",\"position\":2,\"name\":\"V\u00eatements sur mesure\"}]},{\"@type\":\"WebSite\",\"@id\":\"https:\\\/\\\/laiguillejoyeuse.fr\\\/#website\",\"url\":\"https:\\\/\\\/laiguillejoyeuse.fr\\\/\",\"name\":\"L&#039;Aiguille Joyeuse\",\"description\":\"\",\"publisher\":{\"@id\":\"https:\\\/\\\/laiguillejoyeuse.fr\\\/#organization\"},\"potentialAction\":[{\"@type\":\"SearchAction\",\"target\":{\"@type\":\"EntryPoint\",\"urlTemplate\":\"https:\\\/\\\/laiguillejoyeuse.fr\\\/?s={search_term_string}\"},\"query-input\":{\"@type\":\"PropertyValueSpecification\",\"valueRequired\":true,\"valueName\":\"search_term_string\"}}],\"inLanguage\":\"en-US\"},{\"@type\":\"Organization\",\"@id\":\"https:\\\/\\\/laiguillejoyeuse.fr\\\/#organization\",\"name\":\"L&#039;Aiguille Joyeuse\",\"url\":\"https:\\\/\\\/laiguillejoyeuse.fr\\\/\",\"logo\":{\"@type\":\"ImageObject\",\"inLanguage\":\"en-US\",\"@id\":\"https:\\\/\\\/laiguillejoyeuse.fr\\\/#\\\/schema\\\/logo\\\/image\\\/\",\"url\":\"https:\\\/\\\/laiguillejoyeuse.fr\\\/wp-content\\\/uploads\\\/2024\\\/09\\\/cropped-g77.png\",\"contentUrl\":\"https:\\\/\\\/laiguillejoyeuse.fr\\\/wp-content\\\/uploads\\\/2024\\\/09\\\/cropped-g77.png\",\"width\":162,\"height\":44,\"caption\":\"L&#039;Aiguille Joyeuse\"},\"image\":{\"@id\":\"https:\\\/\\\/laiguillejoyeuse.fr\\\/#\\\/schema\\\/logo\\\/image\\\/\"}}]}<\/script>\n<!-- \/ Yoast SEO plugin. -->","yoast_head_json":{"title":"V\u00eatements sur mesure - L&#039;Aiguille Joyeuse","robots":{"index":"index","follow":"follow","max-snippet":"max-snippet:-1","max-image-preview":"max-image-preview:large","max-video-preview":"max-video-preview:-1"},"canonical":"https:\/\/laiguillejoyeuse.fr\/index.php\/vetements-sur-mesure\/","og_locale":"en_US","og_type":"article","og_title":"V\u00eatements sur mesure - L&#039;Aiguille Joyeuse","og_description":"Sortir du pr\u00eat-\u00e0-porter Dans une soci\u00e9t\u00e9 de la production de masse, il n\u2019est pas instinctif de bifurquer des v\u00eatements produits en masse \u00e0 l\u2019autre bout du monde. L\u2019industrie ne nous offre pas juste de l\u2019imm\u00e9diat, elle nous a simplement mis en t\u00eate que le sur mesure est un luxe un peu surann\u00e9, r\u00e9serv\u00e9 \u00e0 des [&hellip;]","og_url":"https:\/\/laiguillejoyeuse.fr\/index.php\/vetements-sur-mesure\/","og_site_name":"L&#039;Aiguille Joyeuse","article_modified_time":"2025-01-17T12:18:22+00:00","og_image":[{"url":"http:\/\/laiguillejoyeuse.fr\/wp-content\/uploads\/2025\/01\/3-1024x1024.png","type":"","width":"","height":""}],"twitter_card":"summary_large_image","twitter_misc":{"Est. reading time":"3 minutes"},"schema":{"@context":"https:\/\/schema.org","@graph":[{"@type":"WebPage","@id":"https:\/\/laiguillejoyeuse.fr\/index.php\/vetements-sur-mesure\/","url":"https:\/\/laiguillejoyeuse.fr\/index.php\/vetements-sur-mesure\/","name":"V\u00eatements sur mesure - L&#039;Aiguille Joyeuse","isPartOf":{"@id":"https:\/\/laiguillejoyeuse.fr\/#website"},"primaryImageOfPage":{"@id":"https:\/\/laiguillejoyeuse.fr\/index.php\/vetements-sur-mesure\/#primaryimage"},"image":{"@id":"https:\/\/laiguillejoyeuse.fr\/index.php\/vetements-sur-mesure\/#primaryimage"},"thumbnailUrl":"http:\/\/laiguillejoyeuse.fr\/wp-content\/uploads\/2025\/01\/3-1024x1024.png","datePublished":"2024-12-02T21:01:08+00:00","dateModified":"2025-01-17T12:18:22+00:00","breadcrumb":{"@id":"https:\/\/laiguillejoyeuse.fr\/index.php\/vetements-sur-mesure\/#breadcrumb"},"inLanguage":"en-US","potentialAction":[{"@type":"ReadAction","target":["https:\/\/laiguillejoyeuse.fr\/index.php\/vetements-sur-mesure\/"]}]},{"@type":"ImageObject","inLanguage":"en-US","@id":"https:\/\/laiguillejoyeuse.fr\/index.php\/vetements-sur-mesure\/#primaryimage","url":"https:\/\/laiguillejoyeuse.fr\/wp-content\/uploads\/2025\/01\/3.png","contentUrl":"https:\/\/laiguillejoyeuse.fr\/wp-content\/uploads\/2025\/01\/3.png","width":2048,"height":2048},{"@type":"BreadcrumbList","@id":"https:\/\/laiguillejoyeuse.fr\/index.php\/vetements-sur-mesure\/#breadcrumb","itemListElement":[{"@type":"ListItem","position":1,"name":"Accueil","item":"https:\/\/laiguillejoyeuse.fr\/"},{"@type":"ListItem","position":2,"name":"V\u00eatements sur mesure"}]},{"@type":"WebSite","@id":"https:\/\/laiguillejoyeuse.fr\/#website","url":"https:\/\/laiguillejoyeuse.fr\/","name":"L&#039;Aiguille Joyeuse","description":"","publisher":{"@id":"https:\/\/laiguillejoyeuse.fr\/#organization"},"potentialAction":[{"@type":"SearchAction","target":{"@type":"EntryPoint","urlTemplate":"https:\/\/laiguillejoyeuse.fr\/?s={search_term_string}"},"query-input":{"@type":"PropertyValueSpecification","valueRequired":true,"valueName":"search_term_string"}}],"inLanguage":"en-US"},{"@type":"Organization","@id":"https:\/\/laiguillejoyeuse.fr\/#organization","name":"L&#039;Aiguille Joyeuse","url":"https:\/\/laiguillejoyeuse.fr\/","logo":{"@type":"ImageObject","inLanguage":"en-US","@id":"https:\/\/laiguillejoyeuse.fr\/#\/schema\/logo\/image\/","url":"https:\/\/laiguillejoyeuse.fr\/wp-content\/uploads\/2024\/09\/cropped-g77.png","contentUrl":"https:\/\/laiguillejoyeuse.fr\/wp-content\/uploads\/2024\/09\/cropped-g77.png","width":162,"height":44,"caption":"L&#039;Aiguille Joyeuse"},"image":{"@id":"https:\/\/laiguillejoyeuse.fr\/#\/schema\/logo\/image\/"}}]}},"_links":{"self":[{"href":"https:\/\/laiguillejoyeuse.fr\/index.php\/wp-json\/wp\/v2\/pages\/648","targetHints":{"allow":["GET"]}}],"collection":[{"href":"https:\/\/laiguillejoyeuse.fr\/index.php\/wp-json\/wp\/v2\/pages"}],"about":[{"href":"https:\/\/laiguillejoyeuse.fr\/index.php\/wp-json\/wp\/v2\/types\/page"}],"author":[{"embeddable":true,"href":"https:\/\/laiguillejoyeuse.fr\/index.php\/wp-json\/wp\/v2\/users\/1"}],"replies":[{"embeddable":true,"href":"https:\/\/laiguillejoyeuse.fr\/index.php\/wp-json\/wp\/v2\/comments?post=648"}],"version-history":[{"count":16,"href":"https:\/\/laiguillejoyeuse.fr\/index.php\/wp-json\/wp\/v2\/pages\/648\/revisions"}],"predecessor-version":[{"id":846,"href":"https:\/\/laiguillejoyeuse.fr\/index.php\/wp-json\/wp\/v2\/pages\/648\/revisions\/846"}],"wp:attachment":[{"href":"https:\/\/laiguillejoyeuse.fr\/index.php\/wp-json\/wp\/v2\/media?parent=648"}],"curies":[{"name":"wp","href":"https:\/\/api.w.org\/{rel}","templated":true}]}}