{"id":655,"date":"2024-12-02T22:02:47","date_gmt":"2024-12-02T21:02:47","guid":{"rendered":"https:\/\/laiguillejoyeuse.fr\/?page_id=655"},"modified":"2025-01-17T13:19:45","modified_gmt":"2025-01-17T12:19:45","slug":"retouches","status":"publish","type":"page","link":"https:\/\/laiguillejoyeuse.fr\/index.php\/retouches\/","title":{"rendered":"Retouches"},"content":{"rendered":"\t\t<div data-elementor-type=\"wp-page\" data-elementor-id=\"655\" class=\"elementor elementor-655\">\n\t\t\t\t<div class=\"elementor-element elementor-element-a37cc3b e-flex e-con-boxed e-con e-parent\" data-id=\"a37cc3b\" data-element_type=\"container\" data-e-type=\"container\">\n\t\t\t\t\t<div class=\"e-con-inner\">\n\t\t<div class=\"elementor-element elementor-element-3a5cadb e-con-full e-flex e-con e-child\" data-id=\"3a5cadb\" data-element_type=\"container\" data-e-type=\"container\" data-settings=\"{&quot;background_background&quot;:&quot;classic&quot;}\">\n\t\t\t\t<div class=\"elementor-element elementor-element-a6a1cb5 elementor-widget elementor-widget-heading\" data-id=\"a6a1cb5\" data-element_type=\"widget\" data-e-type=\"widget\" data-widget_type=\"heading.default\">\n\t\t\t\t<div class=\"elementor-widget-container\">\n\t\t\t\t\t<h2 class=\"elementor-heading-title elementor-size-default\">Tarif des retouches<\/h2>\t\t\t\t<\/div>\n\t\t\t\t<\/div>\n\t\t\t\t<div class=\"elementor-element elementor-element-c7346b2 elementor-widget elementor-widget-text-editor\" data-id=\"c7346b2\" data-element_type=\"widget\" data-e-type=\"widget\" data-widget_type=\"text-editor.default\">\n\t\t\t\t<div class=\"elementor-widget-container\">\n\t\t\t\t\t\t\t\t\t<p>Pour ces retouches, je me d\u00e9place sur N\u00eemes et alentour, n&#8217;h\u00e9sitez pas a me contacter au 06.03.12.34.92 !<\/p>\t\t\t\t\t\t\t\t<\/div>\n\t\t\t\t<\/div>\n\t\t<div class=\"elementor-element elementor-element-80358a0 e-con-full e-flex e-con e-child\" data-id=\"80358a0\" data-element_type=\"container\" data-e-type=\"container\" data-settings=\"{&quot;background_background&quot;:&quot;slideshow&quot;,&quot;background_slideshow_gallery&quot;:[],&quot;background_slideshow_loop&quot;:&quot;yes&quot;,&quot;background_slideshow_slide_duration&quot;:5000,&quot;background_slideshow_slide_transition&quot;:&quot;fade&quot;,&quot;background_slideshow_transition_duration&quot;:500}\">\n\t\t<div class=\"elementor-element elementor-element-9b6ba37 e-con-full e-flex e-con e-child\" data-id=\"9b6ba37\" data-element_type=\"container\" data-e-type=\"container\">\n\t\t\t\t<div class=\"elementor-element elementor-element-bc562b9 elementor-widget elementor-widget-heading\" data-id=\"bc562b9\" data-element_type=\"widget\" data-e-type=\"widget\" data-widget_type=\"heading.default\">\n\t\t\t\t<div class=\"elementor-widget-container\">\n\t\t\t\t\t<h3 class=\"elementor-heading-title elementor-size-default\">Pantalons\/Shorts<\/h3>\t\t\t\t<\/div>\n\t\t\t\t<\/div>\n\t\t\t\t<div class=\"elementor-element elementor-element-5f61e0b elementor-widget elementor-widget-text-editor\" data-id=\"5f61e0b\" data-element_type=\"widget\" data-e-type=\"widget\" data-widget_type=\"text-editor.default\">\n\t\t\t\t<div class=\"elementor-widget-container\">\n\t\t\t\t\t\t\t\t\t<p>Ourlet machine (+5\u20ac si doublure)<\/p><div align=\"right\">9,00 \u20ac<\/div><p><br \/>Ourlet main (+5\u20ac si doublure)<\/p><div align=\"right\">15,00 \u20ac<\/div><p><br \/>Fermeture braguette<\/p><div align=\"right\">15,00 \u20ac<\/div><p><br \/>Fermeture simple<\/p><div align=\"right\">10,00 \u20ac<\/div><p><br \/>Changement taille simple (cot\u00e9 OU entrejambe)<\/p><div align=\"right\">15,00 \u20ac<\/div><p><br \/>Changement multiple(cot\u00e9 ET entrejambe)<\/p><div align=\"right\">22,00 \u20ac<\/div><p><br \/>Fente\/pince<\/p><div align=\"right\">5,00 \u20ac<\/div><p><br \/>Changement elastique<\/p><div align=\"right\">8,00 \u20ac<\/div><p>\u00a0<\/p>\t\t\t\t\t\t\t\t<\/div>\n\t\t\t\t<\/div>\n\t\t\t\t<\/div>\n\t\t<div class=\"elementor-element elementor-element-afd0c1e e-con-full e-flex e-con e-child\" data-id=\"afd0c1e\" data-element_type=\"container\" data-e-type=\"container\">\n\t\t\t\t<div class=\"elementor-element elementor-element-aadb1eb elementor-widget elementor-widget-heading\" data-id=\"aadb1eb\" data-element_type=\"widget\" data-e-type=\"widget\" data-widget_type=\"heading.default\">\n\t\t\t\t<div class=\"elementor-widget-container\">\n\t\t\t\t\t<h3 class=\"elementor-heading-title elementor-size-default\">Jupes (ou robes)<\/h3>\t\t\t\t<\/div>\n\t\t\t\t<\/div>\n\t\t\t\t<div class=\"elementor-element elementor-element-f07d3d9 elementor-widget elementor-widget-text-editor\" data-id=\"f07d3d9\" data-element_type=\"widget\" data-e-type=\"widget\" data-widget_type=\"text-editor.default\">\n\t\t\t\t<div class=\"elementor-widget-container\">\n\t\t\t\t\t\t\t\t\t<p>Ourlet simple (+5\u20ac si doublure)<\/p><div align=\"right\">12,00 \u20ac<\/div><p><br \/>Ourlet simple main (+5\u20ac si doublure)<\/p><div align=\"right\">18,00 \u20ac<\/div><p><br \/>Fermeture braguette<\/p><div align=\"right\">15,00 \u20ac<\/div><p><br \/>Fermeture simple<\/p><div align=\"right\">10,00 \u20ac<\/div><p><br \/>Changement taille simple<\/p><div align=\"right\">15,00 \u20ac<\/div><p><br \/>Changement multiple<\/p><div align=\"right\">22,00 \u20ac<\/div><p><br \/>Fente\/pince<\/p><div align=\"right\">5,00 \u20ac<\/div><p>\u00a0<\/p>\t\t\t\t\t\t\t\t<\/div>\n\t\t\t\t<\/div>\n\t\t\t\t<\/div>\n\t\t<div class=\"elementor-element elementor-element-c60ab02 e-con-full e-flex e-con e-child\" data-id=\"c60ab02\" data-element_type=\"container\" data-e-type=\"container\">\n\t\t\t\t<div class=\"elementor-element elementor-element-d291dfc elementor-widget elementor-widget-heading\" data-id=\"d291dfc\" data-element_type=\"widget\" data-e-type=\"widget\" data-widget_type=\"heading.default\">\n\t\t\t\t<div class=\"elementor-widget-container\">\n\t\t\t\t\t<h3 class=\"elementor-heading-title elementor-size-default\">Chemises\/corsages<\/h3>\t\t\t\t<\/div>\n\t\t\t\t<\/div>\n\t\t\t\t<div class=\"elementor-element elementor-element-1b98b07 elementor-widget elementor-widget-text-editor\" data-id=\"1b98b07\" data-element_type=\"widget\" data-e-type=\"widget\" data-widget_type=\"text-editor.default\">\n\t\t\t\t<div class=\"elementor-widget-container\">\n\t\t\t\t\t\t\t\t\t<p>Ourlet manche simple<\/p><div align=\"right\">9,00 \u20ac<\/div><p><br \/>Ourlet manche complexe (doublure, patte\u2026)<\/p><div align=\"right\">15,00 \u20ac<\/div><p><br \/>Changement fermeture eclair devant<\/p><div align=\"right\">20,00 \u20ac<\/div><p><br \/>Fente\/pince<\/p><div align=\"right\">5,00 \u20ac<\/div><p><br \/>Bouton<\/p><div align=\"right\">1,00 \u20ac<\/div><p><br \/>Boutonniere machine<\/p><div align=\"right\">1,50 \u20ac<\/div><p><br \/>Boutonniere main<\/p><div align=\"right\">2,50 \u20ac<\/div><p><br \/>Reprise col<\/p><div align=\"right\">20,00 \u20ac<\/div><p>\u00a0<\/p>\t\t\t\t\t\t\t\t<\/div>\n\t\t\t\t<\/div>\n\t\t\t\t<\/div>\n\t\t\t\t<\/div>\n\t\t\t\t<\/div>\n\t\t\t\t\t<\/div>\n\t\t\t\t<\/div>\n\t\t\t\t<\/div>\n\t\t","protected":false},"excerpt":{"rendered":"<p>Tarif des retouches Pour ces retouches, je me d\u00e9place sur N\u00eemes et alentour, n&#8217;h\u00e9sitez pas a me contacter au 06.03.12.34.92 ! Pantalons\/Shorts Ourlet machine (+5\u20ac si doublure) 9,00 \u20ac Ourlet main (+5\u20ac si doublure) 15,00 \u20ac Fermeture braguette 15,00 \u20ac Fermeture simple 10,00 \u20ac Changement taille simple (cot\u00e9 OU entrejambe) 15,00 \u20ac Changement multiple(cot\u00e9 ET [&hellip;]<\/p>\n","protected":false},"author":1,"featured_media":0,"parent":0,"menu_order":0,"comment_status":"closed","ping_status":"closed","template":"","meta":{"ocean_post_layout":"","ocean_both_sidebars_style":"","ocean_both_sidebars_content_width":0,"ocean_both_sidebars_sidebars_width":0,"ocean_sidebar":"","ocean_second_sidebar":"","ocean_disable_margins":"enable","ocean_add_body_class":"","ocean_shortcode_before_top_bar":"","ocean_shortcode_after_top_bar":"","ocean_shortcode_before_header":"","ocean_shortcode_after_header":"","ocean_has_shortcode":"","ocean_shortcode_after_title":"","ocean_shortcode_before_footer_widgets":"","ocean_shortcode_after_footer_widgets":"","ocean_shortcode_before_footer_bottom":"","ocean_shortcode_after_footer_bottom":"","ocean_display_top_bar":"default","ocean_display_header":"default","ocean_header_style":"","ocean_center_header_left_menu":"","ocean_custom_header_template":"","ocean_custom_logo":0,"ocean_custom_retina_logo":0,"ocean_custom_logo_max_width":0,"ocean_custom_logo_tablet_max_width":0,"ocean_custom_logo_mobile_max_width":0,"ocean_custom_logo_max_height":0,"ocean_custom_logo_tablet_max_height":0,"ocean_custom_logo_mobile_max_height":0,"ocean_header_custom_menu":"","ocean_menu_typo_font_family":"","ocean_menu_typo_font_subset":"","ocean_menu_typo_font_size":0,"ocean_menu_typo_font_size_tablet":0,"ocean_menu_typo_font_size_mobile":0,"ocean_menu_typo_font_size_unit":"px","ocean_menu_typo_font_weight":"","ocean_menu_typo_font_weight_tablet":"","ocean_menu_typo_font_weight_mobile":"","ocean_menu_typo_transform":"","ocean_menu_typo_transform_tablet":"","ocean_menu_typo_transform_mobile":"","ocean_menu_typo_line_height":0,"ocean_menu_typo_line_height_tablet":0,"ocean_menu_typo_line_height_mobile":0,"ocean_menu_typo_line_height_unit":"","ocean_menu_typo_spacing":0,"ocean_menu_typo_spacing_tablet":0,"ocean_menu_typo_spacing_mobile":0,"ocean_menu_typo_spacing_unit":"","ocean_menu_link_color":"","ocean_menu_link_color_hover":"","ocean_menu_link_color_active":"","ocean_menu_link_background":"","ocean_menu_link_hover_background":"","ocean_menu_link_active_background":"","ocean_menu_social_links_bg":"","ocean_menu_social_hover_links_bg":"","ocean_menu_social_links_color":"","ocean_menu_social_hover_links_color":"","ocean_disable_title":"default","ocean_disable_heading":"default","ocean_post_title":"","ocean_post_subheading":"","ocean_post_title_style":"","ocean_post_title_background_color":"","ocean_post_title_background":0,"ocean_post_title_bg_image_position":"","ocean_post_title_bg_image_attachment":"","ocean_post_title_bg_image_repeat":"","ocean_post_title_bg_image_size":"","ocean_post_title_height":0,"ocean_post_title_bg_overlay":0.5,"ocean_post_title_bg_overlay_color":"","ocean_disable_breadcrumbs":"default","ocean_breadcrumbs_color":"","ocean_breadcrumbs_separator_color":"","ocean_breadcrumbs_links_color":"","ocean_breadcrumbs_links_hover_color":"","ocean_display_footer_widgets":"default","ocean_display_footer_bottom":"default","ocean_custom_footer_template":"","footnotes":""},"class_list":["post-655","page","type-page","status-publish","hentry","entry"],"yoast_head":"<!-- This site is optimized with the Yoast SEO plugin v27.3 - https:\/\/yoast.com\/product\/yoast-seo-wordpress\/ -->\n<title>Retouches - L&#039;Aiguille Joyeuse<\/title>\n<meta name=\"robots\" content=\"index, follow, max-snippet:-1, max-image-preview:large, max-video-preview:-1\" \/>\n<link rel=\"canonical\" href=\"https:\/\/laiguillejoyeuse.fr\/index.php\/retouches\/\" \/>\n<meta property=\"og:locale\" content=\"en_US\" \/>\n<meta property=\"og:type\" content=\"article\" \/>\n<meta property=\"og:title\" content=\"Retouches - L&#039;Aiguille Joyeuse\" \/>\n<meta property=\"og:description\" content=\"Tarif des retouches Pour ces retouches, je me d\u00e9place sur N\u00eemes et alentour, n&#8217;h\u00e9sitez pas a me contacter au 06.03.12.34.92 ! Pantalons\/Shorts Ourlet machine (+5\u20ac si doublure) 9,00 \u20ac Ourlet main (+5\u20ac si doublure) 15,00 \u20ac Fermeture braguette 15,00 \u20ac Fermeture simple 10,00 \u20ac Changement taille simple (cot\u00e9 OU entrejambe) 15,00 \u20ac Changement multiple(cot\u00e9 ET [&hellip;]\" \/>\n<meta property=\"og:url\" content=\"https:\/\/laiguillejoyeuse.fr\/index.php\/retouches\/\" \/>\n<meta property=\"og:site_name\" content=\"L&#039;Aiguille Joyeuse\" \/>\n<meta property=\"article:modified_time\" content=\"2025-01-17T12:19:45+00:00\" \/>\n<meta name=\"twitter:card\" content=\"summary_large_image\" \/>\n<meta name=\"twitter:label1\" content=\"Est. reading time\" \/>\n\t<meta name=\"twitter:data1\" content=\"1 minute\" \/>\n<script type=\"application\/ld+json\" class=\"yoast-schema-graph\">{\"@context\":\"https:\\\/\\\/schema.org\",\"@graph\":[{\"@type\":\"WebPage\",\"@id\":\"https:\\\/\\\/laiguillejoyeuse.fr\\\/index.php\\\/retouches\\\/\",\"url\":\"https:\\\/\\\/laiguillejoyeuse.fr\\\/index.php\\\/retouches\\\/\",\"name\":\"Retouches - L&#039;Aiguille Joyeuse\",\"isPartOf\":{\"@id\":\"https:\\\/\\\/laiguillejoyeuse.fr\\\/#website\"},\"datePublished\":\"2024-12-02T21:02:47+00:00\",\"dateModified\":\"2025-01-17T12:19:45+00:00\",\"breadcrumb\":{\"@id\":\"https:\\\/\\\/laiguillejoyeuse.fr\\\/index.php\\\/retouches\\\/#breadcrumb\"},\"inLanguage\":\"en-US\",\"potentialAction\":[{\"@type\":\"ReadAction\",\"target\":[\"https:\\\/\\\/laiguillejoyeuse.fr\\\/index.php\\\/retouches\\\/\"]}]},{\"@type\":\"BreadcrumbList\",\"@id\":\"https:\\\/\\\/laiguillejoyeuse.fr\\\/index.php\\\/retouches\\\/#breadcrumb\",\"itemListElement\":[{\"@type\":\"ListItem\",\"position\":1,\"name\":\"Accueil\",\"item\":\"https:\\\/\\\/laiguillejoyeuse.fr\\\/\"},{\"@type\":\"ListItem\",\"position\":2,\"name\":\"Retouches\"}]},{\"@type\":\"WebSite\",\"@id\":\"https:\\\/\\\/laiguillejoyeuse.fr\\\/#website\",\"url\":\"https:\\\/\\\/laiguillejoyeuse.fr\\\/\",\"name\":\"L&#039;Aiguille Joyeuse\",\"description\":\"\",\"publisher\":{\"@id\":\"https:\\\/\\\/laiguillejoyeuse.fr\\\/#organization\"},\"potentialAction\":[{\"@type\":\"SearchAction\",\"target\":{\"@type\":\"EntryPoint\",\"urlTemplate\":\"https:\\\/\\\/laiguillejoyeuse.fr\\\/?s={search_term_string}\"},\"query-input\":{\"@type\":\"PropertyValueSpecification\",\"valueRequired\":true,\"valueName\":\"search_term_string\"}}],\"inLanguage\":\"en-US\"},{\"@type\":\"Organization\",\"@id\":\"https:\\\/\\\/laiguillejoyeuse.fr\\\/#organization\",\"name\":\"L&#039;Aiguille Joyeuse\",\"url\":\"https:\\\/\\\/laiguillejoyeuse.fr\\\/\",\"logo\":{\"@type\":\"ImageObject\",\"inLanguage\":\"en-US\",\"@id\":\"https:\\\/\\\/laiguillejoyeuse.fr\\\/#\\\/schema\\\/logo\\\/image\\\/\",\"url\":\"https:\\\/\\\/laiguillejoyeuse.fr\\\/wp-content\\\/uploads\\\/2024\\\/09\\\/cropped-g77.png\",\"contentUrl\":\"https:\\\/\\\/laiguillejoyeuse.fr\\\/wp-content\\\/uploads\\\/2024\\\/09\\\/cropped-g77.png\",\"width\":162,\"height\":44,\"caption\":\"L&#039;Aiguille Joyeuse\"},\"image\":{\"@id\":\"https:\\\/\\\/laiguillejoyeuse.fr\\\/#\\\/schema\\\/logo\\\/image\\\/\"}}]}<\/script>\n<!-- \/ Yoast SEO plugin. -->","yoast_head_json":{"title":"Retouches - L&#039;Aiguille Joyeuse","robots":{"index":"index","follow":"follow","max-snippet":"max-snippet:-1","max-image-preview":"max-image-preview:large","max-video-preview":"max-video-preview:-1"},"canonical":"https:\/\/laiguillejoyeuse.fr\/index.php\/retouches\/","og_locale":"en_US","og_type":"article","og_title":"Retouches - L&#039;Aiguille Joyeuse","og_description":"Tarif des retouches Pour ces retouches, je me d\u00e9place sur N\u00eemes et alentour, n&#8217;h\u00e9sitez pas a me contacter au 06.03.12.34.92 ! Pantalons\/Shorts Ourlet machine (+5\u20ac si doublure) 9,00 \u20ac Ourlet main (+5\u20ac si doublure) 15,00 \u20ac Fermeture braguette 15,00 \u20ac Fermeture simple 10,00 \u20ac Changement taille simple (cot\u00e9 OU entrejambe) 15,00 \u20ac Changement multiple(cot\u00e9 ET [&hellip;]","og_url":"https:\/\/laiguillejoyeuse.fr\/index.php\/retouches\/","og_site_name":"L&#039;Aiguille Joyeuse","article_modified_time":"2025-01-17T12:19:45+00:00","twitter_card":"summary_large_image","twitter_misc":{"Est. reading time":"1 minute"},"schema":{"@context":"https:\/\/schema.org","@graph":[{"@type":"WebPage","@id":"https:\/\/laiguillejoyeuse.fr\/index.php\/retouches\/","url":"https:\/\/laiguillejoyeuse.fr\/index.php\/retouches\/","name":"Retouches - L&#039;Aiguille Joyeuse","isPartOf":{"@id":"https:\/\/laiguillejoyeuse.fr\/#website"},"datePublished":"2024-12-02T21:02:47+00:00","dateModified":"2025-01-17T12:19:45+00:00","breadcrumb":{"@id":"https:\/\/laiguillejoyeuse.fr\/index.php\/retouches\/#breadcrumb"},"inLanguage":"en-US","potentialAction":[{"@type":"ReadAction","target":["https:\/\/laiguillejoyeuse.fr\/index.php\/retouches\/"]}]},{"@type":"BreadcrumbList","@id":"https:\/\/laiguillejoyeuse.fr\/index.php\/retouches\/#breadcrumb","itemListElement":[{"@type":"ListItem","position":1,"name":"Accueil","item":"https:\/\/laiguillejoyeuse.fr\/"},{"@type":"ListItem","position":2,"name":"Retouches"}]},{"@type":"WebSite","@id":"https:\/\/laiguillejoyeuse.fr\/#website","url":"https:\/\/laiguillejoyeuse.fr\/","name":"L&#039;Aiguille Joyeuse","description":"","publisher":{"@id":"https:\/\/laiguillejoyeuse.fr\/#organization"},"potentialAction":[{"@type":"SearchAction","target":{"@type":"EntryPoint","urlTemplate":"https:\/\/laiguillejoyeuse.fr\/?s={search_term_string}"},"query-input":{"@type":"PropertyValueSpecification","valueRequired":true,"valueName":"search_term_string"}}],"inLanguage":"en-US"},{"@type":"Organization","@id":"https:\/\/laiguillejoyeuse.fr\/#organization","name":"L&#039;Aiguille Joyeuse","url":"https:\/\/laiguillejoyeuse.fr\/","logo":{"@type":"ImageObject","inLanguage":"en-US","@id":"https:\/\/laiguillejoyeuse.fr\/#\/schema\/logo\/image\/","url":"https:\/\/laiguillejoyeuse.fr\/wp-content\/uploads\/2024\/09\/cropped-g77.png","contentUrl":"https:\/\/laiguillejoyeuse.fr\/wp-content\/uploads\/2024\/09\/cropped-g77.png","width":162,"height":44,"caption":"L&#039;Aiguille Joyeuse"},"image":{"@id":"https:\/\/laiguillejoyeuse.fr\/#\/schema\/logo\/image\/"}}]}},"_links":{"self":[{"href":"https:\/\/laiguillejoyeuse.fr\/index.php\/wp-json\/wp\/v2\/pages\/655","targetHints":{"allow":["GET"]}}],"collection":[{"href":"https:\/\/laiguillejoyeuse.fr\/index.php\/wp-json\/wp\/v2\/pages"}],"about":[{"href":"https:\/\/laiguillejoyeuse.fr\/index.php\/wp-json\/wp\/v2\/types\/page"}],"author":[{"embeddable":true,"href":"https:\/\/laiguillejoyeuse.fr\/index.php\/wp-json\/wp\/v2\/users\/1"}],"replies":[{"embeddable":true,"href":"https:\/\/laiguillejoyeuse.fr\/index.php\/wp-json\/wp\/v2\/comments?post=655"}],"version-history":[{"count":19,"href":"https:\/\/laiguillejoyeuse.fr\/index.php\/wp-json\/wp\/v2\/pages\/655\/revisions"}],"predecessor-version":[{"id":850,"href":"https:\/\/laiguillejoyeuse.fr\/index.php\/wp-json\/wp\/v2\/pages\/655\/revisions\/850"}],"wp:attachment":[{"href":"https:\/\/laiguillejoyeuse.fr\/index.php\/wp-json\/wp\/v2\/media?parent=655"}],"curies":[{"name":"wp","href":"https:\/\/api.w.org\/{rel}","templated":true}]}}